{"id":10,"date":"2025-01-09T09:06:30","date_gmt":"2025-01-09T08:06:30","guid":{"rendered":"https:\/\/rose-brocard.fr\/?page_id=10"},"modified":"2025-01-12T10:00:26","modified_gmt":"2025-01-12T09:00:26","slug":"%f0%9f%8c%b9","status":"publish","type":"page","link":"https:\/\/rose-brocard.fr\/","title":{"rendered":"\ud83c\udf39"},"content":{"rendered":"<div data-colibri-id=\"10-c1\" class=\"style-198 style-local-10-c1 position-relative\">\n  <!---->\n  <div data-colibri-component=\"section\" data-colibri-id=\"10-c2\" id=\"overlappable\" class=\"h-section h-section-global-spacing d-flex align-items-lg-center align-items-md-center align-items-center style-317 style-local-10-c2 position-relative\">\n    <!---->\n    <!---->\n    <div class=\"h-section-grid-container h-section-boxed-container\">\n      <!---->\n      <div data-colibri-id=\"10-c3\" class=\"h-row-container gutters-row-lg-0 gutters-row-md-0 gutters-row-2 gutters-row-v-lg-0 gutters-row-v-md-0 gutters-row-v-2 style-318 style-local-10-c3 position-relative\">\n        <!---->\n        <div class=\"h-row justify-content-lg-center justify-content-md-center justify-content-center align-items-lg-stretch align-items-md-stretch align-items-stretch gutters-col-lg-0 gutters-col-md-0 gutters-col-2 gutters-col-v-lg-0 gutters-col-v-md-0 gutters-col-v-2\">\n          <!---->\n          <div class=\"h-column h-column-container d-flex h-col-lg-3 h-col-md-3 h-col-12 style-319-outer style-local-10-c4-outer\">\n            <div data-colibri-id=\"10-c4\" class=\"d-flex h-flex-basis h-column__inner h-px-lg-3 h-px-md-3 h-px-2 v-inner-lg-3 v-inner-md-3 v-inner-2 style-319 style-local-10-c4 position-relative\">\n              <!---->\n              <!---->\n              <div class=\"w-100 h-y-container h-column__content h-column__v-align flex-basis-100 align-self-lg-center align-self-md-center align-self-center\">\n                <!---->\n                <div data-colibri-id=\"10-c20\" class=\"d-block style-324 style-local-10-c20 position-relative h-element\">\n                  <!---->\n                  <div class=\"h-image__frame-container-outer\">\n                    <div class=\"h-image__frame-container\">\n                      <!---->\n                      <!---->\n                      <img loading=\"lazy\" decoding=\"async\" width=\"380\" height=\"736\" src=\"http:\/\/rose-brocard.fr\/wp-content\/uploads\/2025\/01\/cropped-IMG_5822-scaled-1.jpeg\" class=\"wp-image-638 style-324-image style-local-10-c20-image\" alt=\"\" srcset=\"https:\/\/rose-brocard.fr\/wp-content\/uploads\/2025\/01\/cropped-IMG_5822-scaled-1.jpeg 380w, https:\/\/rose-brocard.fr\/wp-content\/uploads\/2025\/01\/cropped-IMG_5822-scaled-1-155x300.jpeg 155w\" sizes=\"auto, (max-width: 380px) 100vw, 380px\" \/>\n                      <div class=\"h-image__frame h-hide-lg h-hide-md h-hide-sm style-324-frameImage style-local-10-c20-frameImage\"><\/div>\n                    <\/div>\n                  <\/div>\n                <\/div>\n                <div data-colibri-id=\"10-c7\" class=\"h-text h-text-component style-322 style-local-10-c7 position-relative h-element\">\n                  <!---->\n                  <!---->\n                  <div class=\"\">\n                    <p>Cette carte te repr\u00e9sente parfaitement : tu as d\u00e9j\u00e0 en toi une grande force int\u00e9rieure, une capacit\u00e9 \u00e0 surmonter les d\u00e9fis avec calme et intelligence. Elle te rappelle que m\u00eame lorsque les choses semblent difficiles, tu peux trouver\n                      en toi la force n\u00e9cessaire pour avancer sans te laisser submerger.<\/p>\n                  <\/div>\n                <\/div>\n              <\/div>\n            <\/div>\n          <\/div>\n          <div class=\"h-column h-column-container d-flex h-col-lg-3 h-col-md-3 h-col-12 style-319-outer style-local-10-c21-outer\">\n            <div data-colibri-id=\"10-c21\" class=\"d-flex h-flex-basis h-column__inner h-px-lg-3 h-px-md-3 h-px-2 v-inner-lg-3 v-inner-md-3 v-inner-2 style-319 style-local-10-c21 position-relative\">\n              <!---->\n              <!---->\n              <div class=\"w-100 h-y-container h-column__content h-column__v-align flex-basis-100 align-self-lg-center align-self-md-center align-self-center\">\n                <!---->\n                <div data-colibri-id=\"10-c22\" class=\"d-block style-324 style-local-10-c22 position-relative h-element\">\n                  <!---->\n                  <div class=\"h-image__frame-container-outer\">\n                    <div class=\"h-image__frame-container\">\n                      <!---->\n                      <!---->\n                      <img loading=\"lazy\" decoding=\"async\" width=\"399\" height=\"740\" src=\"http:\/\/rose-brocard.fr\/wp-content\/uploads\/2025\/01\/cropped-IMG_5822-scaled-2.jpeg\" class=\"wp-image-639 style-324-image style-local-10-c22-image\" alt=\"\" srcset=\"https:\/\/rose-brocard.fr\/wp-content\/uploads\/2025\/01\/cropped-IMG_5822-scaled-2.jpeg 399w, https:\/\/rose-brocard.fr\/wp-content\/uploads\/2025\/01\/cropped-IMG_5822-scaled-2-162x300.jpeg 162w\" sizes=\"auto, (max-width: 399px) 100vw, 399px\" \/>\n                      <div class=\"h-image__frame h-hide-lg h-hide-md h-hide-sm style-324-frameImage style-local-10-c22-frameImage\"><\/div>\n                    <\/div>\n                  <\/div>\n                <\/div>\n                <div data-colibri-id=\"10-c23\" class=\"h-text h-text-component style-322 style-local-10-c23 position-relative h-element\">\n                  <!---->\n                  <!---->\n                  <div class=\"\">\n                    <p>Le 7 de B\u00e2ton te dit que tu es sur le bon chemin, m\u00eame si parfois tu peux avoir l\u2019impression de devoir te d\u00e9fendre ou prouver ta valeur. Crois en toi, garde confiance en tes id\u00e9es et ne laisse personne \u00e9teindre ta lumi\u00e8re. D\u00e9fends\n                      ce qui te tient \u00e0 c\u0153ur avec passion !<\/p>\n                  <\/div>\n                <\/div>\n              <\/div>\n            <\/div>\n          <\/div>\n          <div class=\"h-column h-column-container d-flex h-col-lg-3 h-col-md-3 h-col-12 style-319-outer style-local-10-c24-outer\">\n            <div data-colibri-id=\"10-c24\" class=\"d-flex h-flex-basis h-column__inner h-px-lg-3 h-px-md-3 h-px-2 v-inner-lg-3 v-inner-md-3 v-inner-2 style-319 style-local-10-c24 position-relative\">\n              <!---->\n              <!---->\n              <div class=\"w-100 h-y-container h-column__content h-column__v-align flex-basis-100 align-self-lg-center align-self-md-center align-self-center\">\n                <!---->\n                <div data-colibri-id=\"10-c25\" class=\"d-block style-324 style-local-10-c25 position-relative h-element\">\n                  <!---->\n                  <div class=\"h-image__frame-container-outer\">\n                    <div class=\"h-image__frame-container\">\n                      <!---->\n                      <!---->\n                      <img loading=\"lazy\" decoding=\"async\" width=\"423\" height=\"735\" src=\"http:\/\/rose-brocard.fr\/wp-content\/uploads\/2025\/01\/cropped-IMG_5822-scaled-3.jpeg\" class=\"wp-image-647 style-324-image style-local-10-c25-image\" alt=\"\" srcset=\"https:\/\/rose-brocard.fr\/wp-content\/uploads\/2025\/01\/cropped-IMG_5822-scaled-3.jpeg 423w, https:\/\/rose-brocard.fr\/wp-content\/uploads\/2025\/01\/cropped-IMG_5822-scaled-3-173x300.jpeg 173w\" sizes=\"auto, (max-width: 423px) 100vw, 423px\" \/>\n                      <div class=\"h-image__frame h-hide-lg h-hide-md h-hide-sm style-324-frameImage style-local-10-c25-frameImage\"><\/div>\n                    <\/div>\n                  <\/div>\n                <\/div>\n                <div data-colibri-id=\"10-c26\" class=\"h-text h-text-component style-322 style-local-10-c26 position-relative h-element\">\n                  <!---->\n                  <!---->\n                  <div class=\"\">\n                    <p>L\u2019As de B\u00e2ton symbolise un nouvel \u00e9lan, une inspiration qui va te guider. Cette carte est un magnifique pr\u00e9sage pour une nouvelle aventure, un projet ou une passion qui pourrait bient\u00f4t se r\u00e9v\u00e9ler \u00e0 toi. Elle t\u2019encourage \u00e0 oser, \u00e0\n                      explorer, \u00e0 te lancer dans tout ce qui te fait vibrer.<\/p>\n                  <\/div>\n                <\/div>\n              <\/div>\n            <\/div>\n          <\/div>\n          <div class=\"h-column h-column-container d-flex h-col-lg-3 h-col-md-3 h-col-12 style-319-outer style-local-10-c27-outer\">\n            <div data-colibri-id=\"10-c27\" class=\"d-flex h-flex-basis h-column__inner h-px-lg-3 h-px-md-3 h-px-2 v-inner-lg-3 v-inner-md-3 v-inner-2 style-319 style-local-10-c27 position-relative\">\n              <!---->\n              <!---->\n              <div class=\"w-100 h-y-container h-column__content h-column__v-align flex-basis-100 align-self-lg-center align-self-md-center align-self-center\">\n                <!---->\n                <div data-colibri-id=\"10-c28\" class=\"d-block style-324 style-local-10-c28 position-relative h-element\">\n                  <!---->\n                  <div class=\"h-image__frame-container-outer\">\n                    <div class=\"h-image__frame-container\">\n                      <!---->\n                      <!---->\n                      <img loading=\"lazy\" decoding=\"async\" width=\"408\" height=\"721\" src=\"http:\/\/rose-brocard.fr\/wp-content\/uploads\/2025\/01\/cropped-IMG_5822-scaled-4.jpeg\" class=\"wp-image-648 style-324-image style-local-10-c28-image\" alt=\"\" srcset=\"https:\/\/rose-brocard.fr\/wp-content\/uploads\/2025\/01\/cropped-IMG_5822-scaled-4.jpeg 408w, https:\/\/rose-brocard.fr\/wp-content\/uploads\/2025\/01\/cropped-IMG_5822-scaled-4-170x300.jpeg 170w\" sizes=\"auto, (max-width: 408px) 100vw, 408px\" \/>\n                      <div class=\"h-image__frame h-hide-lg h-hide-md h-hide-sm style-324-frameImage style-local-10-c28-frameImage\"><\/div>\n                    <\/div>\n                  <\/div>\n                <\/div>\n                <div data-colibri-id=\"10-c29\" class=\"h-text h-text-component style-322 style-local-10-c29 position-relative h-element\">\n                  <!---->\n                  <!---->\n                  <div class=\"\">\n                    <p>Le 10 de Coupe est une belle carte de bonheur et d\u2019harmonie. Elle te promet de beaux moments entour\u00e9e de ceux que tu aimes, des instants de joie et de partage. C\u2019est aussi un signe que tu es dans une p\u00e9riode o\u00f9 tu peux trouver beaucoup\n                      de bonheur dans tes relations, qu\u2019elles soient familiales ou amicales.<\/p>\n                  <\/div>\n                <\/div>\n              <\/div>\n            <\/div>\n          <\/div>\n          <div class=\"h-column h-column-container d-flex h-col-lg-3 h-col-md-3 h-col-12 style-319-outer style-local-10-c30-outer\">\n            <div data-colibri-id=\"10-c30\" class=\"d-flex h-flex-basis h-column__inner h-px-lg-3 h-px-md-3 h-px-2 v-inner-lg-3 v-inner-md-3 v-inner-2 style-319 style-local-10-c30 position-relative\">\n              <!---->\n              <!---->\n              <div class=\"w-100 h-y-container h-column__content h-column__v-align flex-basis-100 align-self-lg-center align-self-md-center align-self-center\">\n                <!---->\n                <div data-colibri-id=\"10-c31\" class=\"d-block style-324 style-local-10-c31 position-relative h-element\">\n                  <!---->\n                  <div class=\"h-image__frame-container-outer\">\n                    <div class=\"h-image__frame-container\">\n                      <!---->\n                      <!---->\n                      <img loading=\"lazy\" decoding=\"async\" width=\"395\" height=\"723\" src=\"http:\/\/rose-brocard.fr\/wp-content\/uploads\/2025\/01\/cropped-IMG_5822-scaled-5.jpeg\" class=\"wp-image-649 style-324-image style-local-10-c31-image\" alt=\"\" srcset=\"https:\/\/rose-brocard.fr\/wp-content\/uploads\/2025\/01\/cropped-IMG_5822-scaled-5.jpeg 395w, https:\/\/rose-brocard.fr\/wp-content\/uploads\/2025\/01\/cropped-IMG_5822-scaled-5-164x300.jpeg 164w\" sizes=\"auto, (max-width: 395px) 100vw, 395px\" \/>\n                      <div class=\"h-image__frame h-hide-lg h-hide-md h-hide-sm style-324-frameImage style-local-10-c31-frameImage\"><\/div>\n                    <\/div>\n                  <\/div>\n                <\/div>\n                <div data-colibri-id=\"10-c32\" class=\"h-text h-text-component style-322 style-local-10-c32 position-relative h-element\">\n                  <!---->\n                  <!---->\n                  <div class=\"\">\n                    <p>La Lune te rappelle que tu es \u00e0 un \u00e2ge o\u00f9 beaucoup de choses peuvent sembler floues ou incertaines. C\u2019est normal de ne pas tout comprendre tout de suite, d\u2019avoir des doutes ou des r\u00eaves qui paraissent parfois irr\u00e9alisables. Cette carte\n                      t\u2019invite \u00e0 \u00e9couter ton intuition : fais confiance \u00e0 cette petite voix int\u00e9rieure qui te guide et ose explorer ce que tu ne connais pas encore.<\/p>\n                  <\/div>\n                <\/div>\n              <\/div>\n            <\/div>\n          <\/div>\n        <\/div>\n      <\/div>\n      <div data-colibri-id=\"10-c33\" class=\"h-row-container gutters-row-lg-2 gutters-row-md-2 gutters-row-0 gutters-row-v-lg-2 gutters-row-v-md-2 gutters-row-v-2 style-325 style-local-10-c33 position-relative\">\n        <!---->\n        <div class=\"h-row justify-content-lg-center justify-content-md-center justify-content-center align-items-lg-stretch align-items-md-stretch align-items-stretch gutters-col-lg-2 gutters-col-md-2 gutters-col-0 gutters-col-v-lg-2 gutters-col-v-md-2 gutters-col-v-2\">\n          <!---->\n          <div class=\"h-column h-column-container d-flex h-col-lg-auto h-col-md-auto h-col-auto style-326-outer style-local-10-c34-outer\">\n            <div data-colibri-id=\"10-c34\" class=\"d-flex h-flex-basis h-column__inner h-px-lg-2 h-px-md-2 h-px-2 v-inner-lg-2 v-inner-md-2 v-inner-2 style-326 style-local-10-c34 position-relative\">\n              <!---->\n              <!---->\n              <div class=\"w-100 h-y-container h-column__content h-column__v-align flex-basis-100 align-self-lg-start align-self-md-start align-self-start\">\n                <!---->\n                <div data-colibri-id=\"10-c35\" class=\"h-x-container style-214 style-local-10-c35 position-relative h-element\">\n                  <!---->\n                  <div class=\"h-x-container-inner style-dynamic-10-c35-group style-214-spacing style-local-10-c35-spacing\"><span class=\"h-button__outer style-216-outer style-local-10-c36-outer d-inline-flex h-element\"><a h-use-smooth-scroll=\"true\" href=\"https:\/\/rose-brocard.fr\/index.php\/sa-vie-pro\/\"  data-colibri-id=\"10-c36\" class=\"d-flex w-100 align-items-center h-button justify-content-lg-center justify-content-md-center justify-content-center style-216 style-local-10-c36 position-relative\"><!----><!----> <span>ta vie pro<\/span><\/a>\n                    <\/span><span class=\"h-button__outer style-215-outer style-local-10-c37-outer d-inline-flex h-element\"><a h-use-smooth-scroll=\"true\" href=\"https:\/\/rose-brocard.fr\/index.php\/sa-vie-perso\/\"  data-colibri-id=\"10-c37\" class=\"d-flex w-100 align-items-center h-button justify-content-lg-center justify-content-md-center justify-content-center style-215 style-local-10-c37 position-relative\"><!----><!----> <span>ta vie perso<\/span><\/a>\n                    <\/span>\n                  <\/div>\n                <\/div>\n              <\/div>\n            <\/div>\n          <\/div>\n        <\/div>\n      <\/div>\n    <\/div>\n  <\/div>\n<\/div>","protected":false},"excerpt":{"rendered":"<p>Cette carte te repr\u00e9sente parfaitement : tu as d\u00e9j\u00e0 en toi une grande force int\u00e9rieure, une capacit\u00e9 \u00e0 surmonter les d\u00e9fis avec calme et intelligence. Elle te rappelle que m\u00eame lorsque les choses semblent difficiles, tu peux trouver en toi la force n\u00e9cessaire pour avancer sans te laisser submerger. Le 7 de B\u00e2ton te dit [&hellip;]<\/p>\n","protected":false},"author":1,"featured_media":0,"parent":0,"menu_order":0,"comment_status":"closed","ping_status":"closed","template":"page-templates\/full-width-page.php","meta":{"footnotes":""},"class_list":["post-10","page","type-page","status-publish","hentry"],"_links":{"self":[{"href":"https:\/\/rose-brocard.fr\/index.php\/wp-json\/wp\/v2\/pages\/10","targetHints":{"allow":["GET"]}}],"collection":[{"href":"https:\/\/rose-brocard.fr\/index.php\/wp-json\/wp\/v2\/pages"}],"about":[{"href":"https:\/\/rose-brocard.fr\/index.php\/wp-json\/wp\/v2\/types\/page"}],"author":[{"embeddable":true,"href":"https:\/\/rose-brocard.fr\/index.php\/wp-json\/wp\/v2\/users\/1"}],"replies":[{"embeddable":true,"href":"https:\/\/rose-brocard.fr\/index.php\/wp-json\/wp\/v2\/comments?post=10"}],"version-history":[{"count":20,"href":"https:\/\/rose-brocard.fr\/index.php\/wp-json\/wp\/v2\/pages\/10\/revisions"}],"predecessor-version":[{"id":665,"href":"https:\/\/rose-brocard.fr\/index.php\/wp-json\/wp\/v2\/pages\/10\/revisions\/665"}],"wp:attachment":[{"href":"https:\/\/rose-brocard.fr\/index.php\/wp-json\/wp\/v2\/media?parent=10"}],"curies":[{"name":"wp","href":"https:\/\/api.w.org\/{rel}","templated":true}]}}